{"id":6,"date":"2020-10-13T17:31:50","date_gmt":"2020-10-13T17:31:50","guid":{"rendered":"https:\/\/enerpower.com.br\/site\/home\/"},"modified":"2020-11-10T14:26:04","modified_gmt":"2020-11-10T14:26:04","slug":"empresas-industrias","status":"publish","type":"page","link":"https:\/\/enerpower.com.br\/site\/empresas-industrias\/","title":{"rendered":"Energia Solar para Empresas e Ind\u00fastrias"},"content":{"rendered":"\t\t<div data-elementor-type=\"wp-page\" data-elementor-id=\"6\" class=\"elementor elementor-6\" data-elementor-settings=\"[]\">\n\t\t\t\t\t\t<div class=\"elementor-inner\">\n\t\t\t\t\t\t\t<div class=\"elementor-section-wrap\">\n\t\t\t\t\t\t\t<section class=\"elementor-section elementor-top-section elementor-element elementor-element-2c3c9bc0 elementor-section-boxed elementor-section-height-default elementor-section-height-default\" data-id=\"2c3c9bc0\" data-element_type=\"section\">\n\t\t\t\t\t\t<div class=\"elementor-container elementor-column-gap-default\">\n\t\t\t\t\t\t\t<div class=\"elementor-row\">\n\t\t\t\t\t<div class=\"elementor-column elementor-col-100 elementor-top-column elementor-element elementor-element-36b01deb\" data-id=\"36b01deb\" data-element_type=\"column\">\n\t\t\t<div class=\"elementor-column-wrap elementor-element-populated\">\n\t\t\t\t\t\t\t<div class=\"elementor-widget-wrap\">\n\t\t\t\t\t\t<div class=\"elementor-element elementor-element-4db691c1 elementor-widget elementor-widget-quadmenu\" data-id=\"4db691c1\" data-element_type=\"widget\" data-widget_type=\"quadmenu.default\">\n\t\t\t\t<div class=\"elementor-widget-container\">\n\t\t\t<nav id=\"quadmenu\" class=\"quadmenu-default_theme quadmenu-v2.0.5 quadmenu-align-right quadmenu-divider-hide quadmenu-carets-hide quadmenu-background-color quadmenu-mobile-shadow-hide quadmenu-dropdown-shadow-show quadmenu-hover-ripple\" data-template=\"collapse\" data-theme=\"default_theme\" data-unwrap=\"0\" data-width=\"\" data-selector=\"\" data-breakpoint=\"768\" data-sticky=\"1\" data-sticky-offset=\"45\">\r\n  <div class=\"quadmenu-container\">\r\n    <div class=\"quadmenu-navbar-header\">\r\n      <button type=\"button\" class=\"quadmenu-navbar-toggle collapsed\" data-quadmenu=\"collapse\" data-target=\"#quadmenu_0\" aria-expanded=\"false\" aria-controls=\"quadmenu\">\r\n  <span class=\"icon-bar-container\">\r\n    <span class=\"icon-bar icon-bar-top\"><\/span>\r\n    <span class=\"icon-bar icon-bar-middle\"><\/span>\r\n    <span class=\"icon-bar icon-bar-bottom\"><\/span>\r\n  <\/span>\r\n<\/button>        <a class=\"quadmenu-navbar-brand img\" href=\"https:\/\/enerpower.com.br\/site\/\"><img height=\"60\" width=\"160\" src=\"https:\/\/enerpower.com.br\/site\/wp-content\/uploads\/2020\/11\/icone.png\" alt=\"Enerpower\"\/><\/a>\r\n    <\/div>\r\n    <div id=\"quadmenu_0\" class=\"quadmenu-navbar-collapse collapse\">\r\n      <ul class=\"quadmenu-navbar-nav\"><li id=\"menu-item-505\" class=\"quadmenu-item-505 quadmenu-item quadmenu-item-object-custom quadmenu-item-home quadmenu-item-type-default quadmenu-item-level-0 quadmenu-has-title quadmenu-has-link quadmenu-has-background quadmenu-dropdown-right\">        <a  href=\"https:\/\/enerpower.com.br\/site\/#sobre\">\r\n      <span class=\"quadmenu-item-content\">\r\n                                              <span class=\"quadmenu-text  hover t_1000\">Sobre<\/span>\r\n                                            <\/span>\r\n    <\/a>\r\n        <\/li><li id=\"menu-item-345\" class=\"quadmenu-item-345 quadmenu-item quadmenu-item-object-custom quadmenu-item-home quadmenu-item-type-default quadmenu-item-level-0 quadmenu-has-title quadmenu-has-link quadmenu-has-background quadmenu-dropdown-right\">        <a  href=\"https:\/\/enerpower.com.br\/site\/#vantagens-2\">\r\n      <span class=\"quadmenu-item-content\">\r\n                                              <span class=\"quadmenu-text  hover t_1000\">Vantagens<\/span>\r\n                                            <\/span>\r\n    <\/a>\r\n        <\/li><li id=\"menu-item-354\" class=\"quadmenu-item-354 quadmenu-item quadmenu-item-object-custom quadmenu-item-home quadmenu-item-type-default quadmenu-item-level-0 quadmenu-has-title quadmenu-has-link quadmenu-has-background quadmenu-dropdown-right\">        <a  href=\"https:\/\/enerpower.com.br\/site\/#economia\">\r\n      <span class=\"quadmenu-item-content\">\r\n                                              <span class=\"quadmenu-text  hover t_1000\">Economia<\/span>\r\n                                            <\/span>\r\n    <\/a>\r\n        <\/li><li id=\"menu-item-359\" class=\"quadmenu-item-359 quadmenu-item quadmenu-item-object-mega quadmenu-item-type-mega quadmenu-item-level-0 quadmenu-has-title quadmenu-has-link quadmenu-dropdown-right dropdown-maxheight\">        <a  href=\"https:\/\/enerpower.com.br\/site\/#servicos\">\r\n      <span class=\"quadmenu-item-content\">\r\n                                              <span class=\"quadmenu-text  hover t_1000\">Servi\u00e7os<\/span>\r\n                                            <\/span>\r\n    <\/a>\r\n        <\/li><li id=\"menu-item-356\" class=\"quadmenu-item-356 quadmenu-item quadmenu-item-object-custom quadmenu-item-home quadmenu-item-type-default quadmenu-item-level-0 quadmenu-has-title quadmenu-has-link quadmenu-has-background quadmenu-dropdown-right\">        <a  href=\"https:\/\/enerpower.com.br\/site\/#projetos\">\r\n      <span class=\"quadmenu-item-content\">\r\n                                              <span class=\"quadmenu-text  hover t_1000\">Projetos<\/span>\r\n                                            <\/span>\r\n    <\/a>\r\n        <\/li><li id=\"menu-item-357\" class=\"quadmenu-item-357 quadmenu-item quadmenu-item-object-custom quadmenu-item-home quadmenu-item-type-default quadmenu-item-level-0 quadmenu-has-title quadmenu-has-link quadmenu-has-background quadmenu-dropdown-right\">        <a  href=\"https:\/\/enerpower.com.br\/site\/#contatos\">\r\n      <span class=\"quadmenu-item-content\">\r\n                                              <span class=\"quadmenu-text  hover t_1000\">Contatos<\/span>\r\n                                            <\/span>\r\n    <\/a>\r\n        <\/li><\/ul>    <\/div>\r\n  <\/div>\r\n<\/nav>\t\t<\/div>\n\t\t\t\t<\/div>\n\t\t\t\t\t\t<\/div>\n\t\t\t\t\t<\/div>\n\t\t<\/div>\n\t\t\t\t\t\t\t\t<\/div>\n\t\t\t\t\t<\/div>\n\t\t<\/section>\n\t\t\t\t<section class=\"elementor-section elementor-top-section elementor-element elementor-element-240af85 elementor-section-full_width elementor-section-height-min-height elementor-section-content-middle elementor-section-height-default elementor-section-items-middle\" data-id=\"240af85\" data-element_type=\"section\" data-settings=\"{&quot;background_background&quot;:&quot;classic&quot;}\">\n\t\t\t\t\t\t<div class=\"elementor-container elementor-column-gap-no\">\n\t\t\t\t\t\t\t<div class=\"elementor-row\">\n\t\t\t\t\t<div class=\"elementor-column elementor-col-100 elementor-top-column elementor-element elementor-element-21637fb\" data-id=\"21637fb\" data-element_type=\"column\">\n\t\t\t<div class=\"elementor-column-wrap\">\n\t\t\t\t\t\t\t<div class=\"elementor-widget-wrap\">\n\t\t\t\t\t\t\t\t<\/div>\n\t\t\t\t\t<\/div>\n\t\t<\/div>\n\t\t\t\t\t\t\t\t<\/div>\n\t\t\t\t\t<\/div>\n\t\t<\/section>\n\t\t\t\t<section class=\"elementor-section elementor-top-section elementor-element elementor-element-d9e50ae elementor-section-boxed elementor-section-height-default elementor-section-height-default\" data-id=\"d9e50ae\" data-element_type=\"section\">\n\t\t\t\t\t\t<div class=\"elementor-container elementor-column-gap-default\">\n\t\t\t\t\t\t\t<div class=\"elementor-row\">\n\t\t\t\t\t<div class=\"elementor-column elementor-col-100 elementor-top-column elementor-element elementor-element-216e83b\" data-id=\"216e83b\" data-element_type=\"column\">\n\t\t\t<div class=\"elementor-column-wrap elementor-element-populated\">\n\t\t\t\t\t\t\t<div class=\"elementor-widget-wrap\">\n\t\t\t\t\t\t<div class=\"elementor-element elementor-element-d6e3ee5 elementor-widget elementor-widget-heading\" data-id=\"d6e3ee5\" data-element_type=\"widget\" data-widget_type=\"heading.default\">\n\t\t\t\t<div class=\"elementor-widget-container\">\n\t\t\t<h2 class=\"elementor-heading-title elementor-size-default\">Energia solar para \nempresas e ind\u00fastrias\u200b<\/h2>\t\t<\/div>\n\t\t\t\t<\/div>\n\t\t\t\t\t\t<\/div>\n\t\t\t\t\t<\/div>\n\t\t<\/div>\n\t\t\t\t\t\t\t\t<\/div>\n\t\t\t\t\t<\/div>\n\t\t<\/section>\n\t\t\t\t<section class=\"elementor-section elementor-top-section elementor-element elementor-element-6105b61 elementor-section-boxed elementor-section-height-default elementor-section-height-default\" data-id=\"6105b61\" data-element_type=\"section\">\n\t\t\t\t\t\t<div class=\"elementor-container elementor-column-gap-default\">\n\t\t\t\t\t\t\t<div class=\"elementor-row\">\n\t\t\t\t\t<div class=\"elementor-column elementor-col-50 elementor-top-column elementor-element elementor-element-d4f790d\" data-id=\"d4f790d\" data-element_type=\"column\">\n\t\t\t<div class=\"elementor-column-wrap elementor-element-populated\">\n\t\t\t\t\t\t\t<div class=\"elementor-widget-wrap\">\n\t\t\t\t\t\t<div class=\"elementor-element elementor-element-96b74b2 elementor-widget elementor-widget-text-editor\" data-id=\"96b74b2\" data-element_type=\"widget\" data-widget_type=\"text-editor.default\">\n\t\t\t\t<div class=\"elementor-widget-container\">\n\t\t\t\t\t<div class=\"elementor-text-editor elementor-clearfix\"><p>Nossa equipe elabora e desenvolve projetos com foco no uso da energia solar em empreendimentos comerciais e industriais.<\/p><p>Tamb\u00e9m trabalhamos com a venda, instala\u00e7\u00e3o e manuten\u00e7\u00e3o de equipamentos para garantir aos empreendedores um \u00f3timo retorno ao investir em energia limpa.<\/p><p>Adotamos o modelo on-grid, conectado \u00e0 rede de energia da cidade, e que segue as normas da Aneel.<\/p><\/div>\n\t\t\t\t<\/div>\n\t\t\t\t<\/div>\n\t\t\t\t\t\t<\/div>\n\t\t\t\t\t<\/div>\n\t\t<\/div>\n\t\t\t\t<div class=\"elementor-column elementor-col-50 elementor-top-column elementor-element elementor-element-d39a84c\" data-id=\"d39a84c\" data-element_type=\"column\">\n\t\t\t<div class=\"elementor-column-wrap elementor-element-populated\">\n\t\t\t\t\t\t\t<div class=\"elementor-widget-wrap\">\n\t\t\t\t\t\t<div class=\"elementor-element elementor-element-aee540f elementor-widget elementor-widget-image\" data-id=\"aee540f\" data-element_type=\"widget\" data-widget_type=\"image.default\">\n\t\t\t\t<div class=\"elementor-widget-container\">\n\t\t\t\t\t<div class=\"elementor-image\">\n\t\t\t\t\t\t\t\t\t\t<img width=\"1024\" height=\"683\" src=\"https:\/\/enerpower.com.br\/site\/wp-content\/uploads\/2020\/11\/solar-panel-photovoltaic-installation-on-a-roof-of-factory-sunny-blue-sky-background-alternative-electricity-source-sustainable-resources-concept-1-1024x683.jpg\" class=\"attachment-large size-large\" alt=\"\" srcset=\"https:\/\/enerpower.com.br\/site\/wp-content\/uploads\/2020\/11\/solar-panel-photovoltaic-installation-on-a-roof-of-factory-sunny-blue-sky-background-alternative-electricity-source-sustainable-resources-concept-1-1024x683.jpg 1024w, https:\/\/enerpower.com.br\/site\/wp-content\/uploads\/2020\/11\/solar-panel-photovoltaic-installation-on-a-roof-of-factory-sunny-blue-sky-background-alternative-electricity-source-sustainable-resources-concept-1-300x200.jpg 300w, https:\/\/enerpower.com.br\/site\/wp-content\/uploads\/2020\/11\/solar-panel-photovoltaic-installation-on-a-roof-of-factory-sunny-blue-sky-background-alternative-electricity-source-sustainable-resources-concept-1-768x512.jpg 768w, https:\/\/enerpower.com.br\/site\/wp-content\/uploads\/2020\/11\/solar-panel-photovoltaic-installation-on-a-roof-of-factory-sunny-blue-sky-background-alternative-electricity-source-sustainable-resources-concept-1-1536x1024.jpg 1536w, https:\/\/enerpower.com.br\/site\/wp-content\/uploads\/2020\/11\/solar-panel-photovoltaic-installation-on-a-roof-of-factory-sunny-blue-sky-background-alternative-electricity-source-sustainable-resources-concept-1-2048x1365.jpg 2048w\" sizes=\"(max-width: 1024px) 100vw, 1024px\" \/>\t\t\t\t\t\t\t\t\t\t\t<\/div>\n\t\t\t\t<\/div>\n\t\t\t\t<\/div>\n\t\t\t\t\t\t<\/div>\n\t\t\t\t\t<\/div>\n\t\t<\/div>\n\t\t\t\t\t\t\t\t<\/div>\n\t\t\t\t\t<\/div>\n\t\t<\/section>\n\t\t\t\t<section class=\"elementor-section elementor-top-section elementor-element elementor-element-0a9089a elementor-section-full_width elementor-section-height-min-height elementor-section-height-default elementor-section-items-middle\" data-id=\"0a9089a\" data-element_type=\"section\" data-settings=\"{&quot;background_background&quot;:&quot;classic&quot;}\">\n\t\t\t\t\t\t<div class=\"elementor-container elementor-column-gap-no\">\n\t\t\t\t\t\t\t<div class=\"elementor-row\">\n\t\t\t\t\t<div class=\"elementor-column elementor-col-100 elementor-top-column elementor-element elementor-element-3638e30\" data-id=\"3638e30\" data-element_type=\"column\">\n\t\t\t<div class=\"elementor-column-wrap elementor-element-populated\">\n\t\t\t\t\t\t\t<div class=\"elementor-widget-wrap\">\n\t\t\t\t\t\t<div class=\"elementor-element elementor-element-3e0b200 elementor-widget elementor-widget-text-editor\" data-id=\"3e0b200\" data-element_type=\"widget\" data-widget_type=\"text-editor.default\">\n\t\t\t\t<div class=\"elementor-widget-container\">\n\t\t\t\t\t<div class=\"elementor-text-editor elementor-clearfix\"><p>Desenvolvido Por <a href=\"https:\/\/www.logomidia.com.br\/wp\/\" target=\"_blank\" rel=\"noopener\">Logomidia<\/a><\/p><\/div>\n\t\t\t\t<\/div>\n\t\t\t\t<\/div>\n\t\t\t\t\t\t<\/div>\n\t\t\t\t\t<\/div>\n\t\t<\/div>\n\t\t\t\t\t\t\t\t<\/div>\n\t\t\t\t\t<\/div>\n\t\t<\/section>\n\t\t\t\t\t\t<\/div>\n\t\t\t\t\t\t<\/div>\n\t\t\t\t\t<\/div>\n\t\t","protected":false},"excerpt":{"rendered":"<p>Energia solar para empresas e ind\u00fastrias\u200b Nossa equipe elabora e desenvolve projetos com foco no uso da energia solar em empreendimentos comerciais e industriais. Tamb\u00e9m trabalhamos com a venda, instala\u00e7\u00e3o e manuten\u00e7\u00e3o de equipamentos para garantir aos empreendedores um \u00f3timo retorno ao investir em energia limpa. Adotamos o modelo on-grid, conectado \u00e0 rede de energia [&hellip;]<\/p>\n","protected":false},"author":1,"featured_media":0,"parent":0,"menu_order":0,"comment_status":"closed","ping_status":"closed","template":"elementor_canvas","meta":[],"yoast_head":"<!-- This site is optimized with the Yoast SEO plugin v15.8 - https:\/\/yoast.com\/wordpress\/plugins\/seo\/ -->\n<title>Energia Solar para Empresas e Ind\u00fastrias - Enerpower<\/title>\n<meta name=\"description\" content=\"Empresa de energia solar no Sul Fluminense. Servi\u00e7os de instala\u00e7\u00e3o, venda de equipamentos, homologa\u00e7\u00e3o junto a Light e consultoria. Volta Redonda \u2013 RJ\" \/>\n<meta name=\"robots\" content=\"index, follow, max-snippet:-1, max-image-preview:large, max-video-preview:-1\" \/>\n<link rel=\"canonical\" href=\"https:\/\/enerpower.com.br\/site\/empresas-industrias\/\" \/>\n<meta property=\"og:locale\" content=\"pt_BR\" \/>\n<meta property=\"og:type\" content=\"article\" \/>\n<meta property=\"og:title\" content=\"Energia Solar para Empresas e Ind\u00fastrias - Enerpower\" \/>\n<meta property=\"og:description\" content=\"Empresa de energia solar no Sul Fluminense. Servi\u00e7os de instala\u00e7\u00e3o, venda de equipamentos, homologa\u00e7\u00e3o junto a Light e consultoria. Volta Redonda \u2013 RJ\" \/>\n<meta property=\"og:url\" content=\"https:\/\/enerpower.com.br\/site\/empresas-industrias\/\" \/>\n<meta property=\"og:site_name\" content=\"Enerpower\" \/>\n<meta property=\"article:publisher\" content=\"https:\/\/www.facebook.com\/enerpowervr\" \/>\n<meta property=\"article:modified_time\" content=\"2020-11-10T14:26:04+00:00\" \/>\n<meta property=\"og:image\" content=\"https:\/\/enerpower.com.br\/site\/wp-content\/uploads\/2020\/11\/solar-panel-photovoltaic-installation-on-a-roof-of-factory-sunny-blue-sky-background-alternative-electricity-source-sustainable-resources-concept-1-1024x683.jpg\" \/>\n<meta name=\"twitter:card\" content=\"summary_large_image\" \/>\n<script type=\"application\/ld+json\" class=\"yoast-schema-graph\">{\"@context\":\"https:\/\/schema.org\",\"@graph\":[{\"@type\":\"Organization\",\"@id\":\"https:\/\/enerpower.com.br\/site\/#organization\",\"name\":\"Enerpower\",\"url\":\"https:\/\/enerpower.com.br\/site\/\",\"sameAs\":[\"https:\/\/www.facebook.com\/enerpowervr\",\"https:\/\/www.instagram.com\/enerpowervr\/\"],\"logo\":{\"@type\":\"ImageObject\",\"@id\":\"https:\/\/enerpower.com.br\/site\/#logo\",\"inLanguage\":\"pt-BR\",\"url\":\"https:\/\/enerpower.com.br\/site\/wp-content\/uploads\/2020\/11\/Logo-Vertical-Fundo-Transparente-PNG.png\",\"width\":2946,\"height\":1636,\"caption\":\"Enerpower\"},\"image\":{\"@id\":\"https:\/\/enerpower.com.br\/site\/#logo\"}},{\"@type\":\"WebSite\",\"@id\":\"https:\/\/enerpower.com.br\/site\/#website\",\"url\":\"https:\/\/enerpower.com.br\/site\/\",\"name\":\"Enerpower\",\"description\":\"Energia Solar\",\"publisher\":{\"@id\":\"https:\/\/enerpower.com.br\/site\/#organization\"},\"potentialAction\":[{\"@type\":\"SearchAction\",\"target\":\"https:\/\/enerpower.com.br\/site\/?s={search_term_string}\",\"query-input\":\"required name=search_term_string\"}],\"inLanguage\":\"pt-BR\"},{\"@type\":\"ImageObject\",\"@id\":\"https:\/\/enerpower.com.br\/site\/empresas-industrias\/#primaryimage\",\"inLanguage\":\"pt-BR\",\"url\":\"https:\/\/enerpower.com.br\/site\/wp-content\/uploads\/2020\/11\/solar-panel-photovoltaic-installation-on-a-roof-of-factory-sunny-blue-sky-background-alternative-electricity-source-sustainable-resources-concept-1-1024x683.jpg\"},{\"@type\":\"WebPage\",\"@id\":\"https:\/\/enerpower.com.br\/site\/empresas-industrias\/#webpage\",\"url\":\"https:\/\/enerpower.com.br\/site\/empresas-industrias\/\",\"name\":\"Energia Solar para Empresas e Ind\\u00fastrias - Enerpower\",\"isPartOf\":{\"@id\":\"https:\/\/enerpower.com.br\/site\/#website\"},\"primaryImageOfPage\":{\"@id\":\"https:\/\/enerpower.com.br\/site\/empresas-industrias\/#primaryimage\"},\"datePublished\":\"2020-10-13T17:31:50+00:00\",\"dateModified\":\"2020-11-10T14:26:04+00:00\",\"description\":\"Empresa de energia solar no Sul Fluminense. Servi\\u00e7os de instala\\u00e7\\u00e3o, venda de equipamentos, homologa\\u00e7\\u00e3o junto a Light e consultoria. Volta Redonda \\u2013 RJ\",\"breadcrumb\":{\"@id\":\"https:\/\/enerpower.com.br\/site\/empresas-industrias\/#breadcrumb\"},\"inLanguage\":\"pt-BR\",\"potentialAction\":[{\"@type\":\"ReadAction\",\"target\":[\"https:\/\/enerpower.com.br\/site\/empresas-industrias\/\"]}]},{\"@type\":\"BreadcrumbList\",\"@id\":\"https:\/\/enerpower.com.br\/site\/empresas-industrias\/#breadcrumb\",\"itemListElement\":[{\"@type\":\"ListItem\",\"position\":1,\"item\":{\"@type\":\"WebPage\",\"@id\":\"https:\/\/enerpower.com.br\/site\/\",\"url\":\"https:\/\/enerpower.com.br\/site\/\",\"name\":\"In\\u00edcio\"}},{\"@type\":\"ListItem\",\"position\":2,\"item\":{\"@type\":\"WebPage\",\"@id\":\"https:\/\/enerpower.com.br\/site\/empresas-industrias\/\",\"url\":\"https:\/\/enerpower.com.br\/site\/empresas-industrias\/\",\"name\":\"Energia Solar para Empresas e Ind\\u00fastrias\"}}]}]}<\/script>\n<!-- \/ Yoast SEO plugin. -->","_links":{"self":[{"href":"https:\/\/enerpower.com.br\/site\/wp-json\/wp\/v2\/pages\/6"}],"collection":[{"href":"https:\/\/enerpower.com.br\/site\/wp-json\/wp\/v2\/pages"}],"about":[{"href":"https:\/\/enerpower.com.br\/site\/wp-json\/wp\/v2\/types\/page"}],"author":[{"embeddable":true,"href":"https:\/\/enerpower.com.br\/site\/wp-json\/wp\/v2\/users\/1"}],"replies":[{"embeddable":true,"href":"https:\/\/enerpower.com.br\/site\/wp-json\/wp\/v2\/comments?post=6"}],"version-history":[{"count":30,"href":"https:\/\/enerpower.com.br\/site\/wp-json\/wp\/v2\/pages\/6\/revisions"}],"predecessor-version":[{"id":624,"href":"https:\/\/enerpower.com.br\/site\/wp-json\/wp\/v2\/pages\/6\/revisions\/624"}],"wp:attachment":[{"href":"https:\/\/enerpower.com.br\/site\/wp-json\/wp\/v2\/media?parent=6"}],"curies":[{"name":"wp","href":"https:\/\/api.w.org\/{rel}","templated":true}]}}