{"id":666,"date":"2020-11-24T18:09:29","date_gmt":"2020-11-24T18:09:29","guid":{"rendered":"https:\/\/enerpower.com.br\/site\/?page_id=666"},"modified":"2021-02-17T20:37:05","modified_gmt":"2021-02-17T20:37:05","slug":"simulacao","status":"publish","type":"page","link":"https:\/\/enerpower.com.br\/site\/simulacao\/","title":{"rendered":"Simula\u00e7\u00e3o"},"content":{"rendered":"\t\t<div data-elementor-type=\"wp-page\" data-elementor-id=\"666\" class=\"elementor elementor-666\" data-elementor-settings=\"[]\">\n\t\t\t\t\t\t<div class=\"elementor-inner\">\n\t\t\t\t\t\t\t<div class=\"elementor-section-wrap\">\n\t\t\t\t\t\t\t<section class=\"elementor-section elementor-top-section elementor-element elementor-element-8fbcd8a elementor-section-boxed elementor-section-height-default elementor-section-height-default\" data-id=\"8fbcd8a\" data-element_type=\"section\">\n\t\t\t\t\t\t<div class=\"elementor-container elementor-column-gap-default\">\n\t\t\t\t\t\t\t<div class=\"elementor-row\">\n\t\t\t\t\t<div class=\"elementor-column elementor-col-100 elementor-top-column elementor-element elementor-element-20cd252\" data-id=\"20cd252\" data-element_type=\"column\">\n\t\t\t<div class=\"elementor-column-wrap elementor-element-populated\">\n\t\t\t\t\t\t\t<div class=\"elementor-widget-wrap\">\n\t\t\t\t\t\t<div class=\"elementor-element elementor-element-ff11c9e elementor-widget elementor-widget-quadmenu\" data-id=\"ff11c9e\" data-element_type=\"widget\" data-widget_type=\"quadmenu.default\">\n\t\t\t\t<div class=\"elementor-widget-container\">\n\t\t\t<nav id=\"quadmenu\" class=\"quadmenu-default_theme quadmenu-v2.0.5 quadmenu-align-right quadmenu-divider-hide quadmenu-carets-hide quadmenu-background-color quadmenu-mobile-shadow-hide quadmenu-dropdown-shadow-show quadmenu-hover-ripple\" data-template=\"collapse\" data-theme=\"default_theme\" data-unwrap=\"0\" data-width=\"1\" data-selector=\"\" data-breakpoint=\"768\" data-sticky=\"1\" data-sticky-offset=\"45\">\r\n  <div class=\"quadmenu-container\">\r\n    <div class=\"quadmenu-navbar-header\">\r\n      <button type=\"button\" class=\"quadmenu-navbar-toggle collapsed\" data-quadmenu=\"collapse\" data-target=\"#quadmenu_0\" aria-expanded=\"false\" aria-controls=\"quadmenu\">\r\n  <span class=\"icon-bar-container\">\r\n    <span class=\"icon-bar icon-bar-top\"><\/span>\r\n    <span class=\"icon-bar icon-bar-middle\"><\/span>\r\n    <span class=\"icon-bar icon-bar-bottom\"><\/span>\r\n  <\/span>\r\n<\/button>        <a class=\"quadmenu-navbar-brand img\" href=\"https:\/\/enerpower.com.br\/site\/\"><img height=\"60\" width=\"160\" src=\"https:\/\/enerpower.com.br\/site\/wp-content\/uploads\/2021\/02\/logo-enerpower-1.png\" alt=\"Enerpower\"\/><\/a>\r\n    <\/div>\r\n    <div id=\"quadmenu_0\" class=\"quadmenu-navbar-collapse collapse\">\r\n      <ul class=\"quadmenu-navbar-nav\"><li id=\"menu-item-505\" class=\"quadmenu-item-505 quadmenu-item quadmenu-item-object-custom quadmenu-item-home quadmenu-item-type-default quadmenu-item-level-0 quadmenu-has-title quadmenu-has-link quadmenu-has-background quadmenu-dropdown-right\">        <a  href=\"https:\/\/enerpower.com.br\/site\/#sobre\">\r\n      <span class=\"quadmenu-item-content\">\r\n                                              <span class=\"quadmenu-text  hover t_1000\">Sobre<\/span>\r\n                                            <\/span>\r\n    <\/a>\r\n        <\/li><li id=\"menu-item-345\" class=\"quadmenu-item-345 quadmenu-item quadmenu-item-object-custom quadmenu-item-home quadmenu-item-type-default quadmenu-item-level-0 quadmenu-has-title quadmenu-has-link quadmenu-has-background quadmenu-dropdown-right\">        <a  href=\"https:\/\/enerpower.com.br\/site\/#vantagens-2\">\r\n      <span class=\"quadmenu-item-content\">\r\n                                              <span class=\"quadmenu-text  hover t_1000\">Vantagens<\/span>\r\n                                            <\/span>\r\n    <\/a>\r\n        <\/li><li id=\"menu-item-354\" class=\"quadmenu-item-354 quadmenu-item quadmenu-item-object-custom quadmenu-item-home quadmenu-item-type-default quadmenu-item-level-0 quadmenu-has-title quadmenu-has-link quadmenu-has-background quadmenu-dropdown-right\">        <a  href=\"https:\/\/enerpower.com.br\/site\/#economia\">\r\n      <span class=\"quadmenu-item-content\">\r\n                                              <span class=\"quadmenu-text  hover t_1000\">Economia<\/span>\r\n                                            <\/span>\r\n    <\/a>\r\n        <\/li><li id=\"menu-item-359\" class=\"quadmenu-item-359 quadmenu-item quadmenu-item-object-mega quadmenu-item-type-mega quadmenu-item-level-0 quadmenu-has-title quadmenu-has-link quadmenu-dropdown-right dropdown-maxheight\">        <a  href=\"https:\/\/enerpower.com.br\/site\/#servicos\">\r\n      <span class=\"quadmenu-item-content\">\r\n                                              <span class=\"quadmenu-text  hover t_1000\">Servi\u00e7os<\/span>\r\n                                            <\/span>\r\n    <\/a>\r\n        <\/li><li id=\"menu-item-356\" class=\"quadmenu-item-356 quadmenu-item quadmenu-item-object-custom quadmenu-item-home quadmenu-item-type-default quadmenu-item-level-0 quadmenu-has-title quadmenu-has-link quadmenu-has-background quadmenu-dropdown-right\">        <a  href=\"https:\/\/enerpower.com.br\/site\/#projetos\">\r\n      <span class=\"quadmenu-item-content\">\r\n                                              <span class=\"quadmenu-text  hover t_1000\">Projetos<\/span>\r\n                                            <\/span>\r\n    <\/a>\r\n        <\/li><li id=\"menu-item-357\" class=\"quadmenu-item-357 quadmenu-item quadmenu-item-object-custom quadmenu-item-home quadmenu-item-type-default quadmenu-item-level-0 quadmenu-has-title quadmenu-has-link quadmenu-has-background quadmenu-dropdown-right\">        <a  href=\"https:\/\/enerpower.com.br\/site\/#contatos\">\r\n      <span class=\"quadmenu-item-content\">\r\n                                              <span class=\"quadmenu-text  hover t_1000\">Contatos<\/span>\r\n                                            <\/span>\r\n    <\/a>\r\n        <\/li><\/ul>    <\/div>\r\n  <\/div>\r\n<\/nav>\t\t<\/div>\n\t\t\t\t<\/div>\n\t\t\t\t\t\t<\/div>\n\t\t\t\t\t<\/div>\n\t\t<\/div>\n\t\t\t\t\t\t\t\t<\/div>\n\t\t\t\t\t<\/div>\n\t\t<\/section>\n\t\t\t\t<section class=\"elementor-section elementor-top-section elementor-element elementor-element-b8a4657 elementor-section-full_width elementor-section-height-min-height elementor-section-height-default elementor-section-items-middle\" data-id=\"b8a4657\" data-element_type=\"section\" data-settings=\"{&quot;background_background&quot;:&quot;classic&quot;}\">\n\t\t\t\t\t\t\t<div class=\"elementor-background-overlay\"><\/div>\n\t\t\t\t\t\t\t<div class=\"elementor-container elementor-column-gap-no\">\n\t\t\t\t\t\t\t<div class=\"elementor-row\">\n\t\t\t\t\t<div class=\"elementor-column elementor-col-100 elementor-top-column elementor-element elementor-element-7c0b57b\" data-id=\"7c0b57b\" data-element_type=\"column\">\n\t\t\t<div class=\"elementor-column-wrap elementor-element-populated\">\n\t\t\t\t\t\t\t<div class=\"elementor-widget-wrap\">\n\t\t\t\t\t\t<div class=\"elementor-element elementor-element-92dc2ee elementor-widget elementor-widget-heading\" data-id=\"92dc2ee\" data-element_type=\"widget\" data-widget_type=\"heading.default\">\n\t\t\t\t<div class=\"elementor-widget-container\">\n\t\t\t<h2 class=\"elementor-heading-title elementor-size-default\">Simula\u00e7\u00e3o de Consumo<\/h2>\t\t<\/div>\n\t\t\t\t<\/div>\n\t\t\t\t\t\t<\/div>\n\t\t\t\t\t<\/div>\n\t\t<\/div>\n\t\t\t\t\t\t\t\t<\/div>\n\t\t\t\t\t<\/div>\n\t\t<\/section>\n\t\t\t\t<section class=\"elementor-section elementor-top-section elementor-element elementor-element-b3c39cc elementor-section-full_width elementor-section-height-default elementor-section-height-default\" data-id=\"b3c39cc\" data-element_type=\"section\">\n\t\t\t\t\t\t<div class=\"elementor-container elementor-column-gap-default\">\n\t\t\t\t\t\t\t<div class=\"elementor-row\">\n\t\t\t\t\t<div class=\"elementor-column elementor-col-50 elementor-top-column elementor-element elementor-element-08d25af\" data-id=\"08d25af\" data-element_type=\"column\">\n\t\t\t<div class=\"elementor-column-wrap elementor-element-populated\">\n\t\t\t\t\t\t\t<div class=\"elementor-widget-wrap\">\n\t\t\t\t\t\t<div class=\"elementor-element elementor-element-f28ce91 elementor-widget elementor-widget-heading\" data-id=\"f28ce91\" data-element_type=\"widget\" data-widget_type=\"heading.default\">\n\t\t\t\t<div class=\"elementor-widget-container\">\n\t\t\t<h2 class=\"elementor-heading-title elementor-size-default\">Fa\u00e7a aqui a sua simula\u00e7\u00e3o<\/h2>\t\t<\/div>\n\t\t\t\t<\/div>\n\t\t\t\t<div class=\"elementor-element elementor-element-b50c0cc elementor-widget elementor-widget-heading\" data-id=\"b50c0cc\" data-element_type=\"widget\" data-widget_type=\"heading.default\">\n\t\t\t\t<div class=\"elementor-widget-container\">\n\t\t\t<h3 class=\"elementor-heading-title elementor-size-default\">e descubra todo o potencial de um sistema de energia solar fotovoltaica.<\/h3>\t\t<\/div>\n\t\t\t\t<\/div>\n\t\t\t\t\t\t<\/div>\n\t\t\t\t\t<\/div>\n\t\t<\/div>\n\t\t\t\t<div class=\"elementor-column elementor-col-50 elementor-top-column elementor-element elementor-element-ffe1ec8\" data-id=\"ffe1ec8\" data-element_type=\"column\">\n\t\t\t<div class=\"elementor-column-wrap elementor-element-populated\">\n\t\t\t\t\t\t\t<div class=\"elementor-widget-wrap\">\n\t\t\t\t\t\t<div class=\"elementor-element elementor-element-f37bd80 elementor-widget elementor-widget-wpforms\" data-id=\"f37bd80\" data-element_type=\"widget\" data-widget_type=\"wpforms.default\">\n\t\t\t\t<div class=\"elementor-widget-container\">\n\t\t\t<div class=\"wpforms-container \" id=\"wpforms-671\"><form id=\"wpforms-form-671\" class=\"wpforms-validate wpforms-form\" data-formid=\"671\" method=\"post\" enctype=\"multipart\/form-data\" action=\"\/site\/wp-json\/wp\/v2\/pages\/666\" data-token=\"b2977947822b45d2f64fb2c0a02c0df5\"><noscript class=\"wpforms-error-noscript\">Ative o JavaScript no seu navegador para preencher este formul\u00e1rio.<\/noscript><div class=\"wpforms-field-container\"><div id=\"wpforms-671-field_2-container\" class=\"wpforms-field wpforms-field-text\" data-field-id=\"2\"><label class=\"wpforms-field-label\" for=\"wpforms-671-field_2\">Seu Nome ou Nome da Empresa <span class=\"wpforms-required-label\">*<\/span><\/label><input type=\"text\" id=\"wpforms-671-field_2\" class=\"wpforms-field-medium wpforms-field-required\" name=\"wpforms[fields][2]\" required><\/div><div id=\"wpforms-671-field_9-container\" class=\"wpforms-field wpforms-field-email\" data-field-id=\"9\"><label class=\"wpforms-field-label\" for=\"wpforms-671-field_9\">E-mail <span class=\"wpforms-required-label\">*<\/span><\/label><input type=\"email\" id=\"wpforms-671-field_9\" class=\"wpforms-field-medium wpforms-field-required\" name=\"wpforms[fields][9]\" required><\/div><div id=\"wpforms-671-field_12-container\" class=\"wpforms-field wpforms-field-text\" data-field-id=\"12\"><label class=\"wpforms-field-label\" for=\"wpforms-671-field_12\">Telefone <span class=\"wpforms-required-label\">*<\/span><\/label><input type=\"text\" id=\"wpforms-671-field_12\" class=\"wpforms-field-medium wpforms-field-required\" name=\"wpforms[fields][12]\" placeholder=\"(DDD) XXXXX-XXXX\" required><\/div><div id=\"wpforms-671-field_13-container\" class=\"wpforms-field wpforms-field-text\" data-field-id=\"13\"><label class=\"wpforms-field-label\" for=\"wpforms-671-field_13\">Cidade <span class=\"wpforms-required-label\">*<\/span><\/label><input type=\"text\" id=\"wpforms-671-field_13\" class=\"wpforms-field-medium wpforms-field-required\" name=\"wpforms[fields][13]\" required><\/div><div id=\"wpforms-671-field_4-container\" class=\"wpforms-field wpforms-field-text\" data-field-id=\"4\"><label class=\"wpforms-field-label\" for=\"wpforms-671-field_4\">Data de Nascimento ou Funda\u00e7\u00e3o <span class=\"wpforms-required-label\">*<\/span><\/label><input type=\"text\" id=\"wpforms-671-field_4\" class=\"wpforms-field-medium wpforms-field-required\" name=\"wpforms[fields][4]\" required><\/div><div id=\"wpforms-671-field_5-container\" class=\"wpforms-field wpforms-field-number\" data-field-id=\"5\"><label class=\"wpforms-field-label\" for=\"wpforms-671-field_5\">CPF ou CNPJ <span class=\"wpforms-required-label\">*<\/span><\/label><input type=\"number\" pattern=\"\\d*\" id=\"wpforms-671-field_5\" class=\"wpforms-field-medium wpforms-field-required\" name=\"wpforms[fields][5]\" required><\/div><div id=\"wpforms-671-field_6-container\" class=\"wpforms-field wpforms-field-text\" data-field-id=\"6\"><label class=\"wpforms-field-label\" for=\"wpforms-671-field_6\">Qual a m\u00e9dia do consumo de energia ?<\/label><input type=\"text\" id=\"wpforms-671-field_6\" class=\"wpforms-field-medium\" name=\"wpforms[fields][6]\" ><\/div><div id=\"wpforms-671-field_7-container\" class=\"wpforms-field wpforms-field-radio\" data-field-id=\"7\"><label class=\"wpforms-field-label\" for=\"wpforms-671-field_7\">Qual o tipo de telhado ? <\/label><ul id=\"wpforms-671-field_7\"><li class=\"choice-1 depth-1\"><input type=\"radio\" id=\"wpforms-671-field_7_1\" name=\"wpforms[fields][7]\" value=\"Colonial \"  ><label class=\"wpforms-field-label-inline\" for=\"wpforms-671-field_7_1\">Colonial <\/label><\/li><li class=\"choice-2 depth-1\"><input type=\"radio\" id=\"wpforms-671-field_7_2\" name=\"wpforms[fields][7]\" value=\"Galvanizado \"  ><label class=\"wpforms-field-label-inline\" for=\"wpforms-671-field_7_2\">Galvanizado <\/label><\/li><li class=\"choice-3 depth-1\"><input type=\"radio\" id=\"wpforms-671-field_7_3\" name=\"wpforms[fields][7]\" value=\"Somente laje \"  ><label class=\"wpforms-field-label-inline\" for=\"wpforms-671-field_7_3\">Somente laje <\/label><\/li><\/ul><\/div><div id=\"wpforms-671-field_10-container\" class=\"wpforms-field wpforms-field-number\" data-field-id=\"10\"><label class=\"wpforms-field-label\" for=\"wpforms-671-field_10\">N\u00fameros<\/label><input type=\"number\" pattern=\"\\d*\" id=\"wpforms-671-field_10\" class=\"wpforms-field-medium\" name=\"wpforms[fields][10]\" ><\/div><\/div><div class=\"wpforms-submit-container\" ><input type=\"hidden\" name=\"wpforms[id]\" value=\"671\"><input type=\"hidden\" name=\"wpforms[author]\" value=\"1\"><button type=\"submit\" name=\"wpforms[submit]\" class=\"wpforms-submit \" id=\"wpforms-submit-671\" value=\"wpforms-submit\" aria-live=\"assertive\" data-alt-text=\"Enviando...\" data-submit-text=\"Solicitar Simula\u00e7\u00e3o\">Solicitar Simula\u00e7\u00e3o<\/button><\/div><\/form><\/div>  <!-- .wpforms-container -->\t\t<\/div>\n\t\t\t\t<\/div>\n\t\t\t\t\t\t<\/div>\n\t\t\t\t\t<\/div>\n\t\t<\/div>\n\t\t\t\t\t\t\t\t<\/div>\n\t\t\t\t\t<\/div>\n\t\t<\/section>\n\t\t\t\t<section class=\"elementor-section elementor-top-section elementor-element elementor-element-3d5af29 elementor-section-full_width elementor-section-height-min-height elementor-section-height-default elementor-section-items-middle\" data-id=\"3d5af29\" data-element_type=\"section\" data-settings=\"{&quot;background_background&quot;:&quot;classic&quot;}\">\n\t\t\t\t\t\t<div class=\"elementor-container elementor-column-gap-no\">\n\t\t\t\t\t\t\t<div class=\"elementor-row\">\n\t\t\t\t\t<div class=\"elementor-column elementor-col-100 elementor-top-column elementor-element elementor-element-e3de210\" data-id=\"e3de210\" data-element_type=\"column\">\n\t\t\t<div class=\"elementor-column-wrap elementor-element-populated\">\n\t\t\t\t\t\t\t<div class=\"elementor-widget-wrap\">\n\t\t\t\t\t\t<div class=\"elementor-element elementor-element-e660a27 elementor-widget elementor-widget-text-editor\" data-id=\"e660a27\" data-element_type=\"widget\" data-widget_type=\"text-editor.default\">\n\t\t\t\t<div class=\"elementor-widget-container\">\n\t\t\t\t\t<div class=\"elementor-text-editor elementor-clearfix\"><p>Enerpower Energia Solar \u00a9 Copyright 2020 | Todos os direitos reservados | Desenvolvido por <a href=\"https:\/\/www.logomidia.com.br\/wp\/\">LogoM\u00eddia<\/a><\/p><\/div>\n\t\t\t\t<\/div>\n\t\t\t\t<\/div>\n\t\t\t\t\t\t<\/div>\n\t\t\t\t\t<\/div>\n\t\t<\/div>\n\t\t\t\t\t\t\t\t<\/div>\n\t\t\t\t\t<\/div>\n\t\t<\/section>\n\t\t\t\t\t\t<\/div>\n\t\t\t\t\t\t<\/div>\n\t\t\t\t\t<\/div>\n\t\t","protected":false},"excerpt":{"rendered":"<p>Simula\u00e7\u00e3o de Consumo Fa\u00e7a aqui a sua simula\u00e7\u00e3o e descubra todo o potencial de um sistema de energia solar fotovoltaica. Enerpower Energia Solar \u00a9 Copyright 2020 | Todos os direitos reservados | Desenvolvido por LogoM\u00eddia<\/p>\n","protected":false},"author":1,"featured_media":0,"parent":0,"menu_order":0,"comment_status":"closed","ping_status":"closed","template":"elementor_canvas","meta":[],"yoast_head":"<!-- This site is optimized with the Yoast SEO plugin v15.8 - https:\/\/yoast.com\/wordpress\/plugins\/seo\/ -->\n<title>Simula\u00e7\u00e3o - Enerpower<\/title>\n<meta name=\"description\" content=\"Empresa de energia solar no Sul Fluminense. Servi\u00e7os de instala\u00e7\u00e3o, venda de equipamentos, homologa\u00e7\u00e3o junto a Light e consultoria. Volta Redonda \u2013 RJ\" \/>\n<meta name=\"robots\" content=\"index, follow, max-snippet:-1, max-image-preview:large, max-video-preview:-1\" \/>\n<link rel=\"canonical\" href=\"https:\/\/enerpower.com.br\/site\/simulacao\/\" \/>\n<meta property=\"og:locale\" content=\"pt_BR\" \/>\n<meta property=\"og:type\" content=\"article\" \/>\n<meta property=\"og:title\" content=\"Simula\u00e7\u00e3o - Enerpower\" \/>\n<meta property=\"og:description\" content=\"Empresa de energia solar no Sul Fluminense. Servi\u00e7os de instala\u00e7\u00e3o, venda de equipamentos, homologa\u00e7\u00e3o junto a Light e consultoria. Volta Redonda \u2013 RJ\" \/>\n<meta property=\"og:url\" content=\"https:\/\/enerpower.com.br\/site\/simulacao\/\" \/>\n<meta property=\"og:site_name\" content=\"Enerpower\" \/>\n<meta property=\"article:publisher\" content=\"https:\/\/www.facebook.com\/enerpowervr\" \/>\n<meta property=\"article:modified_time\" content=\"2021-02-17T20:37:05+00:00\" \/>\n<meta name=\"twitter:card\" content=\"summary_large_image\" \/>\n<script type=\"application\/ld+json\" class=\"yoast-schema-graph\">{\"@context\":\"https:\/\/schema.org\",\"@graph\":[{\"@type\":\"Organization\",\"@id\":\"https:\/\/enerpower.com.br\/site\/#organization\",\"name\":\"Enerpower\",\"url\":\"https:\/\/enerpower.com.br\/site\/\",\"sameAs\":[\"https:\/\/www.facebook.com\/enerpowervr\",\"https:\/\/www.instagram.com\/enerpowervr\/\"],\"logo\":{\"@type\":\"ImageObject\",\"@id\":\"https:\/\/enerpower.com.br\/site\/#logo\",\"inLanguage\":\"pt-BR\",\"url\":\"https:\/\/enerpower.com.br\/site\/wp-content\/uploads\/2020\/11\/Logo-Vertical-Fundo-Transparente-PNG.png\",\"width\":2946,\"height\":1636,\"caption\":\"Enerpower\"},\"image\":{\"@id\":\"https:\/\/enerpower.com.br\/site\/#logo\"}},{\"@type\":\"WebSite\",\"@id\":\"https:\/\/enerpower.com.br\/site\/#website\",\"url\":\"https:\/\/enerpower.com.br\/site\/\",\"name\":\"Enerpower\",\"description\":\"Energia Solar\",\"publisher\":{\"@id\":\"https:\/\/enerpower.com.br\/site\/#organization\"},\"potentialAction\":[{\"@type\":\"SearchAction\",\"target\":\"https:\/\/enerpower.com.br\/site\/?s={search_term_string}\",\"query-input\":\"required name=search_term_string\"}],\"inLanguage\":\"pt-BR\"},{\"@type\":\"WebPage\",\"@id\":\"https:\/\/enerpower.com.br\/site\/simulacao\/#webpage\",\"url\":\"https:\/\/enerpower.com.br\/site\/simulacao\/\",\"name\":\"Simula\\u00e7\\u00e3o - Enerpower\",\"isPartOf\":{\"@id\":\"https:\/\/enerpower.com.br\/site\/#website\"},\"datePublished\":\"2020-11-24T18:09:29+00:00\",\"dateModified\":\"2021-02-17T20:37:05+00:00\",\"description\":\"Empresa de energia solar no Sul Fluminense. Servi\\u00e7os de instala\\u00e7\\u00e3o, venda de equipamentos, homologa\\u00e7\\u00e3o junto a Light e consultoria. Volta Redonda \\u2013 RJ\",\"breadcrumb\":{\"@id\":\"https:\/\/enerpower.com.br\/site\/simulacao\/#breadcrumb\"},\"inLanguage\":\"pt-BR\",\"potentialAction\":[{\"@type\":\"ReadAction\",\"target\":[\"https:\/\/enerpower.com.br\/site\/simulacao\/\"]}]},{\"@type\":\"BreadcrumbList\",\"@id\":\"https:\/\/enerpower.com.br\/site\/simulacao\/#breadcrumb\",\"itemListElement\":[{\"@type\":\"ListItem\",\"position\":1,\"item\":{\"@type\":\"WebPage\",\"@id\":\"https:\/\/enerpower.com.br\/site\/\",\"url\":\"https:\/\/enerpower.com.br\/site\/\",\"name\":\"In\\u00edcio\"}},{\"@type\":\"ListItem\",\"position\":2,\"item\":{\"@type\":\"WebPage\",\"@id\":\"https:\/\/enerpower.com.br\/site\/simulacao\/\",\"url\":\"https:\/\/enerpower.com.br\/site\/simulacao\/\",\"name\":\"Simula\\u00e7\\u00e3o\"}}]}]}<\/script>\n<!-- \/ Yoast SEO plugin. -->","_links":{"self":[{"href":"https:\/\/enerpower.com.br\/site\/wp-json\/wp\/v2\/pages\/666"}],"collection":[{"href":"https:\/\/enerpower.com.br\/site\/wp-json\/wp\/v2\/pages"}],"about":[{"href":"https:\/\/enerpower.com.br\/site\/wp-json\/wp\/v2\/types\/page"}],"author":[{"embeddable":true,"href":"https:\/\/enerpower.com.br\/site\/wp-json\/wp\/v2\/users\/1"}],"replies":[{"embeddable":true,"href":"https:\/\/enerpower.com.br\/site\/wp-json\/wp\/v2\/comments?post=666"}],"version-history":[{"count":64,"href":"https:\/\/enerpower.com.br\/site\/wp-json\/wp\/v2\/pages\/666\/revisions"}],"predecessor-version":[{"id":847,"href":"https:\/\/enerpower.com.br\/site\/wp-json\/wp\/v2\/pages\/666\/revisions\/847"}],"wp:attachment":[{"href":"https:\/\/enerpower.com.br\/site\/wp-json\/wp\/v2\/media?parent=666"}],"curies":[{"name":"wp","href":"https:\/\/api.w.org\/{rel}","templated":true}]}}